{"id":3,"date":"2021-12-10T00:26:09","date_gmt":"2021-12-10T00:26:09","guid":{"rendered":"http:\/\/neosize-br.com\/?page_id=3"},"modified":"2022-01-11T01:13:33","modified_gmt":"2022-01-11T01:13:33","slug":"privacy-policy","status":"publish","type":"page","link":"https:\/\/neosize-br.com\/index.php\/privacy-policy\/","title":{"rendered":"POL\u00cdTICA DE PRIVACIDADE E REEMBOLSO"},"content":{"rendered":"\n<h2>QUEM SOMOS<\/h2>\n\n\n\n<p>O endere\u00e7o do nosso site \u00e9:<a href=\"http:\/\/neosize-br.com\/\"> <\/a>http:\/\/neosize-br.com\/<\/p>\n\n\n\n<p>Somos a Performance Man Suplementos! Estamos h\u00e1 12 anos no mercado e nosso objetivo \u00e9 fazer com que Homens tenham uma vida sexual mais saud\u00e1vel! Em mais de uma d\u00e9cada j\u00e1 ajudamos milhares de homens a superarem os desafios da vida sexual masculina.<\/p>\n\n\n\n<h2>COMENT\u00c1RIOS<\/h2>\n\n\n\n<p>Quando os visitantes deixam coment\u00e1rios no site, coletamos os dados mostrados no formul\u00e1rio de coment\u00e1rios, al\u00e9m do endere\u00e7o de IP e de dados do navegador do visitante, para auxiliar na detec\u00e7\u00e3o de spam.<\/p>\n\n\n\n<p>Uma sequ\u00eancia anonimizada de caracteres criada a partir do seu e-mail (tamb\u00e9m chamada de hash) poder\u00e1 ser enviada para o Gravatar para verificar se voc\u00ea usa o servi\u00e7o. A pol\u00edtica de privacidade do Gravatar est\u00e1 dispon\u00edvel aqui: https:\/\/automattic.com\/privacy\/. Depois da aprova\u00e7\u00e3o do seu coment\u00e1rio, a foto do seu perfil fica vis\u00edvel publicamente junto de seu coment\u00e1rio.<\/p>\n\n\n\n<h2>POL\u00cdTICA DE REEMBOLSO<\/h2>\n\n\n\n<p>Sua Satisfa\u00e7\u00e3o \u00e9 o nosso objetivo! Por isso, garantimos seu reembolso, caso n\u00e3o esteja satisfeito com os resultados.<\/p>\n\n\n\n<p>A garantia \u00e9 v\u00e1lida apenas para os clientes que compraram em nosso site oficial <a href=\"http:\/\/neosize-br.com\/\">(http:\/\/neosize-br.com\/<\/a>) e que esteja dentro do prazo de 30 dias ap\u00f3s o recebimento do produto.<\/p>\n\n\n\n<p>Est\u00e3o qualificados para o reeembolso:<\/p>\n\n\n\n<p>1- Os pedidos cujo prazo de entrega n\u00e3o tenha ultrapassado 30 dias.<\/p>\n\n\n\n<p>2- Pol\u00edtica de reembolso abrange apenas pedidos realizados que contenham mais de um frasco do Neosize Pr\u00f3. Caso voc\u00ea use o produto durante um m\u00eas e n\u00e3o fique satisfeito com os resultados, n\u00f3s reembolsaremos os frascos que n\u00e3o foram abertos.<\/p>\n\n\n\n<p>3- Para participar da pol\u00edtica de reembolso, os frascos a serem reembolsados n\u00e3o podem estar abertos e devem ser devolvidos para endere\u00e7o a ser informado ap\u00f3s a solicita\u00e7\u00e3o do reembolso, lacrados e em perfeito estado de conserva\u00e7\u00e3o.<\/p>\n\n\n\n<p>4- N\u00f3s enviamos os pedidos com frete gr\u00e1tis ou seja, sem nenhum custo ao cliente! Em caso de desist\u00eancia da compra e pedido de reembolso, ser\u00e1 descontado o valor referente ao frete do envio do pedido em quest\u00e3o.<\/p>\n\n\n\n<p>5- Os custos de postagem da devolu\u00e7\u00e3o dos produtos s\u00e3o de responsabilidade do cliente.<\/p>\n\n\n\n<p>6- Para nos devolver o produto, voc\u00ea deve embal\u00e1-lo cuidadosamente e despachar em uma ag\u00eancia dos correios.<\/p>\n\n\n\n<p>7- Para solicitar o reembolso, voc\u00ea deve acessar o site da Monetizze e solicitar a autoriza\u00e7\u00e3o de reembolso. \u00c9 necess\u00e1rio ter o n\u00famero do pedido, nome do titular da compra e CPF. Ap\u00f3s a solicita\u00e7\u00e3o, nossa equipe de suporte ao cliente ir\u00e1 analisar se voc\u00ea est\u00e1 qualificado para receber o reembolso. Voc\u00ea receber\u00e1 uma Autoriza\u00e7\u00e3o de Devolu\u00e7\u00e3o. Pedidos devolvidos sem a autoriza\u00e7\u00e3o n\u00e3o ser\u00e3o reembolsados. O valor da compra ser\u00e1 reembolsado ap\u00f3s recebermos os frascos lacrados em perfeito estado de conserva\u00e7\u00e3o.<\/p>\n\n\n\n<p>8- O valor referente ao reembolso ser\u00e1 transferido exclusivamente para o titular da compra.<\/p>\n\n\n\n<h2>COOKIES<\/h2>\n\n\n\n<p>Ao deixar um coment\u00e1rio no site, voc\u00ea poder\u00e1 optar por salvar seu nome, e-mail e site nos cookies. Isso visa seu conforto, assim voc\u00ea n\u00e3o precisar\u00e1 preencher seus dados novamente quando fizer outro coment\u00e1rio. Estes cookies duram um ano.<\/p>\n\n\n\n<p>Se voc\u00ea tem uma conta e acessa este site, um cookie tempor\u00e1rio ser\u00e1 criado para determinar se seu navegador aceita cookies. Ele n\u00e3o cont\u00e9m nenhum dado pessoal e ser\u00e1 descartado quando voc\u00ea fechar seu navegador.<\/p>\n\n\n\n<p>Quando voc\u00ea acessa sua conta no site, tamb\u00e9m criamos v\u00e1rios cookies para salvar os dados da sua conta e suas escolhas de exibi\u00e7\u00e3o de tela. Cookies de login s\u00e3o mantidos por dois dias e cookies de op\u00e7\u00f5es de tela por um ano. Se voc\u00ea selecionar \u201cLembrar-me\u201d, seu acesso ser\u00e1 mantido por duas semanas. Se voc\u00ea se desconectar da sua conta, os cookies de login ser\u00e3o removidos.<\/p>\n\n\n\n<p>Se voc\u00ea editar ou publicar um artigo, um cookie adicional ser\u00e1 salvo no seu navegador. Este cookie n\u00e3o inclui nenhum dado pessoal e simplesmente indica o ID do post referente ao artigo que voc\u00ea acabou de editar. Ele expira depois de 1 dia.<\/p>\n\n\n\n<h2>M\u00cdDIA INCORPORADA DE OUTROS SITES<\/h2>\n\n\n\n<p>Artigos neste site podem incluir conte\u00fado incorporado como, por exemplo, v\u00eddeos, imagens, artigos, etc. Conte\u00fados incorporados de outros sites se comportam exatamente da mesma forma como se o visitante estivesse visitando o outro site.<\/p>\n\n\n\n<p>Estes sites podem coletar dados sobre voc\u00ea, usar cookies, incorporar rastreamento adicional de terceiros e monitorar sua intera\u00e7\u00e3o com este conte\u00fado incorporado, incluindo sua intera\u00e7\u00e3o com o conte\u00fado incorporado se voc\u00ea tem uma conta e est\u00e1 conectado com o site.<\/p>\n\n\n\n<h2>COM QUEM COMPARTILHAMOS SEUS DADOS<\/h2>\n\n\n\n<p>N\u00f3s n\u00e3o compartilhamos nenhum dado pessoal ou financeiro de nossos clientes. As informa\u00e7\u00f5es de endere\u00e7o, nome e email s\u00e3o utilizados apenas para processar seu pedido e eventualmente enviarmos mensagens com promo\u00e7\u00f5es e lan\u00e7amentos.<\/p>\n\n\n\n<h2>POR QUANTO TEMPO MANTEMOS OS SEUS DADOS<\/h2>\n\n\n\n<p>Se voc\u00ea realizar uma compra, seus dados s\u00e3o conservados indefinidamente. Fazemos isso para que seja poss\u00edvel reconhecer e aprovar automaticamente futuras compras.<\/p>\n\n\n\n<p>Para usu\u00e1rios que se registram no nosso site (se houver), tamb\u00e9m guardamos as informa\u00e7\u00f5es pessoais que fornecem no seu perfil de usu\u00e1rio. Todos os usu\u00e1rios podem ver, editar ou excluir suas informa\u00e7\u00f5es pessoais a qualquer momento (s\u00f3 n\u00e3o \u00e9 poss\u00edvel alterar o seu username). Os administradores de sites tamb\u00e9m podem ver e editar estas informa\u00e7\u00f5es.<\/p>\n","protected":false},"excerpt":{"rendered":"<p>QUEM SOMOS O endere\u00e7o do nosso site \u00e9: http:\/\/neosize-br.com\/ Somos a Performance Man Suplementos! Estamos h\u00e1 12 anos no mercado e nosso objetivo \u00e9 fazer com que Homens tenham uma vida sexual mais saud\u00e1vel! Em mais de uma d\u00e9cada j\u00e1 ajudamos milhares de homens a superarem os desafios da vida sexual masculina. COMENT\u00c1RIOS Quando os &hellip;<\/p>\n<p class=\"read-more\"> <a class=\"\" href=\"https:\/\/neosize-br.com\/index.php\/privacy-policy\/\"> <span class=\"screen-reader-text\">POL\u00cdTICA DE PRIVACIDADE E REEMBOLSO<\/span> Leia mais &raquo;<\/a><\/p>\n","protected":false},"author":1,"featured_media":0,"parent":0,"menu_order":0,"comment_status":"closed","ping_status":"open","template":"","meta":{"om_disable_all_campaigns":false,"_mi_skip_tracking":false,"site-sidebar-layout":"","site-content-layout":"","ast-main-header-display":"","ast-hfb-above-header-display":"","ast-hfb-below-header-display":"","ast-hfb-mobile-header-display":"","site-post-title":"","ast-breadcrumbs-content":"","ast-featured-img":"","footer-sml-layout":"","theme-transparent-header-meta":"","adv-header-id-meta":"","stick-header-meta":"","header-above-stick-meta":"","header-main-stick-meta":"","header-below-stick-meta":"","_joinchat":[]},"_links":{"self":[{"href":"https:\/\/neosize-br.com\/index.php\/wp-json\/wp\/v2\/pages\/3"}],"collection":[{"href":"https:\/\/neosize-br.com\/index.php\/wp-json\/wp\/v2\/pages"}],"about":[{"href":"https:\/\/neosize-br.com\/index.php\/wp-json\/wp\/v2\/types\/page"}],"author":[{"embeddable":true,"href":"https:\/\/neosize-br.com\/index.php\/wp-json\/wp\/v2\/users\/1"}],"replies":[{"embeddable":true,"href":"https:\/\/neosize-br.com\/index.php\/wp-json\/wp\/v2\/comments?post=3"}],"version-history":[{"count":1,"href":"https:\/\/neosize-br.com\/index.php\/wp-json\/wp\/v2\/pages\/3\/revisions"}],"predecessor-version":[{"id":1811,"href":"https:\/\/neosize-br.com\/index.php\/wp-json\/wp\/v2\/pages\/3\/revisions\/1811"}],"wp:attachment":[{"href":"https:\/\/neosize-br.com\/index.php\/wp-json\/wp\/v2\/media?parent=3"}],"curies":[{"name":"wp","href":"https:\/\/api.w.org\/{rel}","templated":true}]}}